{"id":3806,"date":"2025-10-22T16:40:56","date_gmt":"2025-10-22T14:40:56","guid":{"rendered":"https:\/\/bespassy.com\/?page_id=3806"},"modified":"2025-10-22T16:41:00","modified_gmt":"2025-10-22T14:41:00","slug":"obrazec-za-vracilo-2","status":"publish","type":"page","link":"https:\/\/bespassy.com\/sl\/obrazec-za-vracilo-2\/","title":{"rendered":"Obrazec za vra\u010dilo"},"content":{"rendered":"<div class=\"everest-forms\"><div class=\"evf-container default\" id=\"evf-3805\"><form id=\"evf-form-3805\" class=\"everest-form\" data-formid=\"3805\" data-ajax_submission=\"0\" data-keyboard_friendly_form=\"0\" data-form_state_type=\"\" method=\"post\" enctype=\"multipart\/form-data\" action=\"\/sl\/wp-json\/wp\/v2\/pages\/3806\"><div class=\"evf-field-container\"><input type=\"hidden\" id=\"_wpnonce3805\" name=\"_wpnonce3805\" value=\"247a18881b\" \/><input type=\"hidden\" name=\"_wp_http_referer\" value=\"\/sl\/wp-json\/wp\/v2\/pages\/3806\" \/><div class=\"evf-frontend-row\" data-row=\"row_1\" conditional_rules=\"[]\"><div class=\"evf-frontend-grid evf-grid-2\" data-grid=\"grid_1\"><div id=\"evf-3805-field_0br6YHQDZK-1-container\" class=\"evf-field evf-field-first-name form-row validate-required\" data-required-field-message=\"This field is required.\" data-field-id=\"0br6YHQDZK-1\"><label class=\"evf-field-label\" for=\"evf-3805-field_0br6YHQDZK-1\"><span class=\"evf-label\">Ime<\/span> <abbr class=\"required\" title=\"Required\">*<\/abbr><\/label><input type=\"text\" id=\"evf-3805-field_0br6YHQDZK-1\" class=\"input-text\" name=\"everest_forms[form_fields][0br6YHQDZK-1]\" required><\/div><\/div><div class=\"evf-frontend-grid evf-grid-2\" data-grid=\"grid_2\"><div id=\"evf-3805-field_k8P15R7ZNa-2-container\" class=\"evf-field evf-field-last-name form-row validate-required\" data-required-field-message=\"This field is required.\" data-field-id=\"k8P15R7ZNa-2\"><label class=\"evf-field-label\" for=\"evf-3805-field_k8P15R7ZNa-2\"><span class=\"evf-label\">Priimek<\/span> <abbr class=\"required\" title=\"Required\">*<\/abbr><\/label><input type=\"text\" id=\"evf-3805-field_k8P15R7ZNa-2\" class=\"input-text\" name=\"everest_forms[form_fields][k8P15R7ZNa-2]\" required><\/div><\/div><\/div><div class=\"evf-frontend-row\" data-row=\"row_2\" conditional_rules=\"[]\"><div class=\"evf-frontend-grid evf-grid-2\" data-grid=\"grid_1\"><div id=\"evf-3805-field_lda3kIgXoG-3-container\" class=\"evf-field evf-field-email form-row validate-required validate-email\" data-required-field-message=\"Please enter a valid email address.\" data-field-id=\"lda3kIgXoG-3\"><label class=\"evf-field-label\" for=\"evf-3805-field_lda3kIgXoG-3\"><span class=\"evf-label\">Email<\/span> <abbr class=\"required\" title=\"Required\">*<\/abbr><\/label><input type=\"email\" id=\"evf-3805-field_lda3kIgXoG-3\" class=\"input-text\" name=\"everest_forms[form_fields][lda3kIgXoG-3]\" required ><\/div><\/div><div class=\"evf-frontend-grid evf-grid-2\" data-grid=\"grid_2\"><div id=\"evf-3805-field_rZGZx8tACC-4-container\" class=\"evf-field evf-field-phone form-row validate-phone\" data-field-id=\"rZGZx8tACC-4\"><label class=\"evf-field-label\" for=\"evf-3805-field_rZGZx8tACC-4\"><span class=\"evf-label\">Telefonska \u0161tevilka<\/span> <\/label><input type=\"tel\" id=\"evf-3805-field_rZGZx8tACC-4\" class=\"input-text evf-smart-phone-field\" data-rule-smart-phone-field=\"true\" name=\"everest_forms[form_fields][rZGZx8tACC-4]\" ><\/div><\/div><\/div><div class=\"evf-frontend-row\" data-row=\"row_3\" conditional_rules=\"[]\"><div class=\"evf-frontend-grid evf-grid-2\" data-grid=\"grid_1\"><div id=\"evf-3805-field_XM7e7wgOFq-7-container\" class=\"evf-field evf-field-select form-row validate-required\" data-required-field-message=\"This field is required.\" data-field-id=\"XM7e7wgOFq-7\"><label class=\"evf-field-label\" for=\"evf-3805-field_XM7e7wgOFq-7\"><span class=\"evf-label\">Razlogi za vra\u010dilo<\/span> <abbr class=\"required\" title=\"Required\">*<\/abbr><\/label><select id=\"evf-3805-field_XM7e7wgOFq-7\" class=\"input-text evf-field-required\" name=\"everest_forms[form_fields][XM7e7wgOFq-7]\" required=\"required\" ><option value=\"Po\u0161kodovano blago\" >Po\u0161kodovano blago<\/option><option value=\"Napa\u010den izdelek\" >Napa\u010den izdelek<\/option><option value=\"Drugo\" >Drugo<\/option><\/select><\/div><\/div><div class=\"evf-frontend-grid evf-grid-2\" data-grid=\"grid_2\"><\/div><\/div><div class=\"evf-frontend-row\" data-row=\"row_4\" conditional_rules=\"[]\"><div class=\"evf-frontend-grid evf-grid-2\" data-grid=\"grid_1\"><div id=\"evf-3805-field_lwRFiuswJk-6-container\" class=\"evf-field evf-field-text form-row validate-required\" data-required-field-message=\"This field is required.\" data-field-id=\"lwRFiuswJk-6\"><label class=\"evf-field-label\" for=\"evf-3805-field_lwRFiuswJk-6\"><span class=\"evf-label\">Opi\u0161ite te\u017eavo pri izdelku<\/span> <abbr class=\"required\" title=\"Required\">*<\/abbr><\/label><input type=\"text\" id=\"evf-3805-field_lwRFiuswJk-6\" class=\"input-text\" name=\"everest_forms[form_fields][lwRFiuswJk-6]\" required><\/div><\/div><div class=\"evf-frontend-grid evf-grid-2\" data-grid=\"grid_2\"><\/div><\/div><div class=\"evf-frontend-row\" data-row=\"row_5\" conditional_rules=\"[]\"><div class=\"evf-frontend-grid evf-grid-2\" data-grid=\"grid_1\"><div id=\"evf-3805-field_0IZrSSRfex-8-container\" class=\"evf-field evf-field-image-upload form-row\" data-field-id=\"0IZrSSRfex-8\"><label class=\"evf-field-label\" for=\"evf-3805-field_0IZrSSRfex-8\"><span class=\"evf-label\">Nalo\u017eite sliko izdelka ali po\u0161kodovane embala\u017ee<\/span> <\/label>\t\t<div class=\"everest-forms-uploader\"\n\t\t\tdata-field-id=\"0IZrSSRfex-8\"\n\t\t\tdata-form-id=\"3805\"\n\t\t\tdata-input-name=\"everest_forms_3805_0IZrSSRfex-8\"\n\t\t\tdata-extensions=\"jpg,jpeg,jpe,gif,png,bmp,tif,tiff,ico,heic,heif,webp,avif\"\n\t\t\tdata-max-size=\"536870912\"\n\t\t\tdata-max-file-number=\"1\"\n\t\t\tdata-post-max-size=\"536870912\"\n\t\t\tdata-current-file-count=\"0\"\n\t\t\t>\n\t\t\t<div class=\"dz-message\">\n\t\t\t\t<svg xmlns=\"http:\/\/www.w3.org\/2000\/svg\" viewBox=\"0 0 32 32\" width=\"32px\" height=\"32px\" fill=\"#868e96\"><path class=\"cls-1\" d=\"M18.12,17.52,17,16.4V25a1,1,0,0,1-2,0V16.4l-1.12,1.12a1,1,0,0,1-1.42,0,1,1,0,0,1,0-1.41l2.83-2.83a1,1,0,0,1,1.42,0l2.83,2.83a1,1,0,0,1-.71,1.7A1,1,0,0,1,18.12,17.52ZM22,22H20a1,1,0,0,1,0-2h2a4,4,0,0,0,.27-8,1,1,0,0,1-.84-.57,6,6,0,0,0-11.36,1.69,1,1,0,0,1-1,.86H9A3,3,0,0,0,9,20h3a1,1,0,0,1,0,2H9a5,5,0,0,1-.75-9.94A8,8,0,0,1,23,10.1,6,6,0,0,1,22,22Z\"\/><\/svg>\n\t\t\t\t<span class=\"everest-forms-upload-title\">\n\t\t\t\t\tDrop your file here or click here to upload\t\t\t\t<\/span>\n\n\t\t\t\t\t\t\t\t\t<span class=\"everest-forms-upload-hint\">\n\t\t\t\t\t\tYou can upload up to 1 files.\t\t\t\t\t<\/span>\n\t\t\t\t\t\t\t<\/div>\n\t\t\t\t\t<\/div>\n\t\t<input type=\"text\" class=\"dropzone-input input-text\" id=\"everest-forms-3805-field_0IZrSSRfex-8\" name=\"everest_forms_3805_0IZrSSRfex-8\"  conditional_id=\"\" conditional_rules=''>\n\t\t<\/div><\/div><div class=\"evf-frontend-grid evf-grid-2\" data-grid=\"grid_2\"><\/div><\/div><\/div><div class=\"evf-honeypot-container evf-field-hp\"><label for=\"evf-3805-field-hp\" class=\"evf-field-label\">Phone<\/label><input type=\"text\" name=\"everest_forms[hp]\" id=\"evf-3805-field-hp\" class=\"input-text\"><\/div><div class=\"evf-submit-container \" ><input type=\"hidden\" name=\"everest_forms[id]\" value=\"3805\"><input type=\"hidden\" name=\"everest_forms[author]\" value=\"2\"><button type='submit' name='everest_forms[submit]' class='everest-forms-submit-button button evf-submit ' id='evf-submit-3805' value='evf-submit' data-process-text=\"Processing\u2026\" conditional_rules='&quot;&quot;' conditional_id='evf-submit-3805'  id=\"evf-submit-3805\" aria-live=\"assertive\">Submit<\/button><\/div><\/form><\/div><!-- .evf-container --><\/div>","protected":false},"excerpt":{"rendered":"","protected":false},"author":2,"featured_media":0,"parent":0,"menu_order":0,"comment_status":"closed","ping_status":"closed","template":"","meta":{"_monsterinsights_skip_tracking":false,"_monsterinsights_sitenote_active":false,"_monsterinsights_sitenote_note":"","_monsterinsights_sitenote_category":0,"footnotes":""},"class_list":["post-3806","page","type-page","status-publish","hentry"],"aioseo_notices":[],"jetpack_sharing_enabled":true,"_links":{"self":[{"href":"https:\/\/bespassy.com\/sl\/wp-json\/wp\/v2\/pages\/3806","targetHints":{"allow":["GET"]}}],"collection":[{"href":"https:\/\/bespassy.com\/sl\/wp-json\/wp\/v2\/pages"}],"about":[{"href":"https:\/\/bespassy.com\/sl\/wp-json\/wp\/v2\/types\/page"}],"author":[{"embeddable":true,"href":"https:\/\/bespassy.com\/sl\/wp-json\/wp\/v2\/users\/2"}],"replies":[{"embeddable":true,"href":"https:\/\/bespassy.com\/sl\/wp-json\/wp\/v2\/comments?post=3806"}],"version-history":[{"count":1,"href":"https:\/\/bespassy.com\/sl\/wp-json\/wp\/v2\/pages\/3806\/revisions"}],"predecessor-version":[{"id":3812,"href":"https:\/\/bespassy.com\/sl\/wp-json\/wp\/v2\/pages\/3806\/revisions\/3812"}],"wp:attachment":[{"href":"https:\/\/bespassy.com\/sl\/wp-json\/wp\/v2\/media?parent=3806"}],"curies":[{"name":"wp","href":"https:\/\/api.w.org\/{rel}","templated":true}]}}